{"id":67,"date":"2023-03-06T18:53:36","date_gmt":"2023-03-06T17:53:36","guid":{"rendered":"https:\/\/donation.cacit.de\/?page_id=67"},"modified":"2023-03-06T18:57:32","modified_gmt":"2023-03-06T17:57:32","slug":"impressum","status":"publish","type":"page","link":"https:\/\/donation.cacit.de\/en\/impressum\/","title":{"rendered":"Imprint"},"content":{"rendered":"<div data-elementor-type=\"wp-page\" data-elementor-id=\"67\" class=\"elementor elementor-67\">\n\t\t\t\t<div class=\"elementor-element elementor-element-5faad6a3 e-flex e-con-boxed e-con e-parent\" data-id=\"5faad6a3\" data-element_type=\"container\">\n\t\t\t\t\t<div class=\"e-con-inner\">\n\t\t<div class=\"elementor-element elementor-element-42b422 e-con-full e-flex e-con e-child\" data-id=\"42b422\" data-element_type=\"container\">\n\t\t\t\t<div class=\"elementor-element elementor-element-713b70fa elementor-widget elementor-widget-heading\" data-id=\"713b70fa\" data-element_type=\"widget\" data-widget_type=\"heading.default\">\n\t\t\t\t<div class=\"elementor-widget-container\">\n\t\t\t\t\t<h2 class=\"elementor-heading-title elementor-size-default\">Information according to \u00a7 5 TMG:<\/h2>\t\t\t\t<\/div>\n\t\t\t\t<\/div>\n\t\t\t\t<div class=\"elementor-element elementor-element-5318c91 elementor-widget elementor-widget-text-editor\" data-id=\"5318c91\" data-element_type=\"widget\" data-widget_type=\"text-editor.default\">\n\t\t\t\t<div class=\"elementor-widget-container\">\n\t\t\t\t\t\t\t\t\t<p>D\u00f6gel GmbH<br \/>Geltestra\u00dfe 9<br \/>06184 Kabelsketal OT D\u00f6lbau<\/p>\t\t\t\t\t\t\t\t<\/div>\n\t\t\t\t<\/div>\n\t\t\t\t<\/div>\n\t\t<div class=\"elementor-element elementor-element-58dc3dc6 e-con-full e-flex e-con e-child\" data-id=\"58dc3dc6\" data-element_type=\"container\">\n\t\t\t\t<div class=\"elementor-element elementor-element-591652f8 elementor-widget elementor-widget-heading\" data-id=\"591652f8\" data-element_type=\"widget\" data-widget_type=\"heading.default\">\n\t\t\t\t<div class=\"elementor-widget-container\">\n\t\t\t\t\t<h2 class=\"elementor-heading-title elementor-size-default\">Represented by:<\/h2>\t\t\t\t<\/div>\n\t\t\t\t<\/div>\n\t\t\t\t<div class=\"elementor-element elementor-element-780aae6c elementor-widget elementor-widget-text-editor\" data-id=\"780aae6c\" data-element_type=\"widget\" data-widget_type=\"text-editor.default\">\n\t\t\t\t<div class=\"elementor-widget-container\">\n\t\t\t\t\t\t\t\t\t<p>Mathias D\u00f6gel<\/p>\t\t\t\t\t\t\t\t<\/div>\n\t\t\t\t<\/div>\n\t\t\t\t<\/div>\n\t\t\t\t\t<\/div>\n\t\t\t\t<\/div>\n\t\t<div class=\"elementor-element elementor-element-6ae54701 e-flex e-con-boxed e-con e-parent\" data-id=\"6ae54701\" data-element_type=\"container\">\n\t\t\t\t\t<div class=\"e-con-inner\">\n\t\t<div class=\"elementor-element elementor-element-243e287c e-con-full e-flex e-con e-child\" data-id=\"243e287c\" data-element_type=\"container\">\n\t\t\t\t<div class=\"elementor-element elementor-element-29dd57ea elementor-widget elementor-widget-heading\" data-id=\"29dd57ea\" data-element_type=\"widget\" data-widget_type=\"heading.default\">\n\t\t\t\t<div class=\"elementor-widget-container\">\n\t\t\t\t\t<h2 class=\"elementor-heading-title elementor-size-default\">Responsible for the content according to \u00a7 55 para. 2 RStV:<\/h2>\t\t\t\t<\/div>\n\t\t\t\t<\/div>\n\t\t\t\t<div class=\"elementor-element elementor-element-137a77f elementor-widget elementor-widget-text-editor\" data-id=\"137a77f\" data-element_type=\"widget\" data-widget_type=\"text-editor.default\">\n\t\t\t\t<div class=\"elementor-widget-container\">\n\t\t\t\t\t\t\t\t\t<p>Mathias D\u00f6gel<br \/>Geltestra\u00dfe 9<br \/>D-06184 Kabelsketal<\/p>\t\t\t\t\t\t\t\t<\/div>\n\t\t\t\t<\/div>\n\t\t\t\t<\/div>\n\t\t<div class=\"elementor-element elementor-element-10df8bb8 e-con-full e-flex e-con e-child\" data-id=\"10df8bb8\" data-element_type=\"container\">\n\t\t\t\t<div class=\"elementor-element elementor-element-34ea40d9 elementor-widget elementor-widget-heading\" data-id=\"34ea40d9\" data-element_type=\"widget\" data-widget_type=\"heading.default\">\n\t\t\t\t<div class=\"elementor-widget-container\">\n\t\t\t\t\t<h2 class=\"elementor-heading-title elementor-size-default\">Sales tax:<\/h2>\t\t\t\t<\/div>\n\t\t\t\t<\/div>\n\t\t\t\t<div class=\"elementor-element elementor-element-1f4e0857 elementor-widget elementor-widget-text-editor\" data-id=\"1f4e0857\" data-element_type=\"widget\" data-widget_type=\"text-editor.default\">\n\t\t\t\t<div class=\"elementor-widget-container\">\n\t\t\t\t\t\t\t\t\t<p>Sales tax identification number according to \u00a727 a Sales Tax Act:<br \/>DE278633755<\/p>\t\t\t\t\t\t\t\t<\/div>\n\t\t\t\t<\/div>\n\t\t\t\t<\/div>\n\t\t\t\t\t<\/div>\n\t\t\t\t<\/div>\n\t\t<div class=\"elementor-element elementor-element-6355cede e-flex e-con-boxed e-con e-parent\" data-id=\"6355cede\" data-element_type=\"container\">\n\t\t\t\t\t<div class=\"e-con-inner\">\n\t\t<div class=\"elementor-element elementor-element-4efdd73a e-con-full e-flex e-con e-child\" data-id=\"4efdd73a\" data-element_type=\"container\">\n\t\t\t\t<div class=\"elementor-element elementor-element-7e18983e elementor-widget elementor-widget-heading\" data-id=\"7e18983e\" data-element_type=\"widget\" data-widget_type=\"heading.default\">\n\t\t\t\t<div class=\"elementor-widget-container\">\n\t\t\t\t\t<h2 class=\"elementor-heading-title elementor-size-default\">Contact<\/h2>\t\t\t\t<\/div>\n\t\t\t\t<\/div>\n\t\t\t\t<div class=\"elementor-element elementor-element-bb1e1a0 elementor-widget elementor-widget-text-editor\" data-id=\"bb1e1a0\" data-element_type=\"widget\" data-widget_type=\"text-editor.default\">\n\t\t\t\t<div class=\"elementor-widget-container\">\n\t\t\t\t\t\t\t\t\t<p>Phone: <a href=\"tel:+493460299910\">+49-34602-9991-0<\/a><br \/>Email: <a href=\"mailto:info@doegel.de\">info@doegel.de<\/a><\/p>\t\t\t\t\t\t\t\t<\/div>\n\t\t\t\t<\/div>\n\t\t\t\t<\/div>\n\t\t<div class=\"elementor-element elementor-element-36a7ddd1 e-con-full e-flex e-con e-child\" data-id=\"36a7ddd1\" data-element_type=\"container\">\n\t\t\t\t<div class=\"elementor-element elementor-element-6330605a elementor-widget elementor-widget-heading\" data-id=\"6330605a\" data-element_type=\"widget\" data-widget_type=\"heading.default\">\n\t\t\t\t<div class=\"elementor-widget-container\">\n\t\t\t\t\t<h2 class=\"elementor-heading-title elementor-size-default\">Registry entry:<\/h2>\t\t\t\t<\/div>\n\t\t\t\t<\/div>\n\t\t\t\t<div class=\"elementor-element elementor-element-652454a0 elementor-widget elementor-widget-text-editor\" data-id=\"652454a0\" data-element_type=\"widget\" data-widget_type=\"text-editor.default\">\n\t\t\t\t<div class=\"elementor-widget-container\">\n\t\t\t\t\t\t\t\t\t<p>Entry in the Commercial Register. <br \/>Register court:HRB Stendal <br \/>Registration number: 17042<\/p>\t\t\t\t\t\t\t\t<\/div>\n\t\t\t\t<\/div>\n\t\t\t\t<\/div>\n\t\t\t\t\t<\/div>\n\t\t\t\t<\/div>\n\t\t<div class=\"elementor-element elementor-element-27b316bb e-flex e-con-boxed e-con e-parent\" data-id=\"27b316bb\" data-element_type=\"container\">\n\t\t\t\t\t<div class=\"e-con-inner\">\n\t\t\t\t<div class=\"elementor-element elementor-element-6efae530 elementor-widget elementor-widget-text-editor\" data-id=\"6efae530\" data-element_type=\"widget\" data-widget_type=\"text-editor.default\">\n\t\t\t\t<div class=\"elementor-widget-container\">\n\t\t\t\t\t\t\t\t\t<h5>Dispute resolution<\/h5><p>The European Commission provides a platform for online dispute resolution (OS): https:\/\/ec.europa.eu\/consumers\/odr.\u00a0You can find our e-mail address at the top of the imprint.We are not willing or obliged to participate in dispute resolution proceedings before a consumer arbitration board.<\/p><h5>Liability for contents<\/h5><p>As a service provider, we are responsible for our own content on these pages in accordance with \u00a7 7 para.1 TMG under the general laws. According to \u00a7\u00a7 8 to 10 TMG, we are not obligated to monitor transmitted or stored information or to investigate circumstances that indicate illegal activity.obligations to remove or block the use of information under the general laws remain unaffected. However, liability in this regard is only possible from the time of knowledge of a concrete infringement. If we become aware of any such infringements, we will remove this content immediately.<\/p><h5>Liability for links<\/h5><p>Our offer contains links to external websites of third parties, on whose contents we have no influence. Therefore, we cannot assume any liability for these external contents. The respective provider or operator of the pages is always responsible for the content of the linked pages. The linked pages were checked for possible legal violations at the time of linking. However, a permanent control of the contents of the linked pages is not reasonable without concrete evidence of a violation of the law. If we become aware of any infringements, we will remove such links immediately.<\/p><h5>Copyright<\/h5><p>The content and works created by the site operators on these pages are subject to German copyright law. The reproduction, editing, distribution and any kind of exploitation outside the limits of copyright require the written consent of the respective author or creator. Downloads and copies of this site are only permitted for private, non-commercial use.Insofar as the content on this site was not created by the operator, the copyrights of third parties are respected. In particular, third-party content is identified as such. Should you nevertheless become aware of a copyright infringement, please inform us accordingly. If we become aware of any infringements, we will remove such content immediately.<\/p>\t\t\t\t\t\t\t\t<\/div>\n\t\t\t\t<\/div>\n\t\t\t\t\t<\/div>\n\t\t\t\t<\/div>\n\t\t\t\t<\/div>","protected":false},"excerpt":{"rendered":"<p>Angaben gem\u00e4\u00df \u00a7 5 TMG: D\u00f6gel GmbHGeltestra\u00dfe 906184 Kabelsketal OT D\u00f6lbau Vertreten durch: Mathias D\u00f6gel Verantwortlich f\u00fcr den Inhalt nach \u00a7 55 Abs. 2 RStV: Mathias D\u00f6gelGeltestra\u00dfe 9D-06184 Kabelsketal Umsatzsteuer: Umsatzsteuer-Identifikationsnummer gem\u00e4\u00df \u00a727 a Umsatzsteuergesetz:DE278633755 Kontakt Telefon: +49-34602-9991-0Email: info@doegel.de Registereintrag: Eintragung im Handelsregister. Registergericht:HRB Stendal Registernummer: 17042 Streitschlichtung Die Europ\u00e4ische Kommission stellt eine Plattform zur [&hellip;]<\/p>","protected":false},"author":3,"featured_media":0,"parent":0,"menu_order":0,"comment_status":"closed","ping_status":"closed","template":"","meta":{"footnotes":""},"class_list":["post-67","page","type-page","status-publish","hentry"],"blocksy_meta":[],"_links":{"self":[{"href":"https:\/\/donation.cacit.de\/en\/wp-json\/wp\/v2\/pages\/67","targetHints":{"allow":["GET"]}}],"collection":[{"href":"https:\/\/donation.cacit.de\/en\/wp-json\/wp\/v2\/pages"}],"about":[{"href":"https:\/\/donation.cacit.de\/en\/wp-json\/wp\/v2\/types\/page"}],"author":[{"embeddable":true,"href":"https:\/\/donation.cacit.de\/en\/wp-json\/wp\/v2\/users\/3"}],"replies":[{"embeddable":true,"href":"https:\/\/donation.cacit.de\/en\/wp-json\/wp\/v2\/comments?post=67"}],"version-history":[{"count":4,"href":"https:\/\/donation.cacit.de\/en\/wp-json\/wp\/v2\/pages\/67\/revisions"}],"predecessor-version":[{"id":76,"href":"https:\/\/donation.cacit.de\/en\/wp-json\/wp\/v2\/pages\/67\/revisions\/76"}],"wp:attachment":[{"href":"https:\/\/donation.cacit.de\/en\/wp-json\/wp\/v2\/media?parent=67"}],"curies":[{"name":"wp","href":"https:\/\/api.w.org\/{rel}","templated":true}]}}